{"id":42,"date":"2013-01-18T11:22:28","date_gmt":"2013-01-18T09:22:28","guid":{"rendered":"http:\/\/sabine-seyffert.net-auftritt.de\/blog\/?page_id=42"},"modified":"2013-01-18T11:22:50","modified_gmt":"2013-01-18T09:22:50","slug":"meine-bucher","status":"publish","type":"page","link":"https:\/\/www.sabine-seyffert.de\/blog\/meine-bucher\/","title":{"rendered":"Meine B\u00fccher"},"content":{"rendered":"<p>Eine \u00dcbersicht aller B\u00fccher ist hier <a href=\"http:\/\/www.sabine-seyffert.de\/buch.php\" title=\"www.sabine-seyffert.de\">www.sabine-seyffert.de<\/a> zu finden<\/p>\n","protected":false},"excerpt":{"rendered":"<p>Eine \u00dcbersicht aller B\u00fccher ist hier www.sabine-seyffert.de zu finden<\/p>\n","protected":false},"author":1,"featured_media":0,"parent":0,"menu_order":3,"comment_status":"open","ping_status":"open","template":"","meta":{"_metis_text_type":"standard","_metis_text_length":69,"_post_count":0,"footnotes":""},"class_list":["post-42","page","type-page","status-publish","hentry"],"_links":{"self":[{"href":"https:\/\/www.sabine-seyffert.de\/blog\/wp-json\/wp\/v2\/pages\/42","targetHints":{"allow":["GET"]}}],"collection":[{"href":"https:\/\/www.sabine-seyffert.de\/blog\/wp-json\/wp\/v2\/pages"}],"about":[{"href":"https:\/\/www.sabine-seyffert.de\/blog\/wp-json\/wp\/v2\/types\/page"}],"author":[{"embeddable":true,"href":"https:\/\/www.sabine-seyffert.de\/blog\/wp-json\/wp\/v2\/users\/1"}],"replies":[{"embeddable":true,"href":"https:\/\/www.sabine-seyffert.de\/blog\/wp-json\/wp\/v2\/comments?post=42"}],"version-history":[{"count":4,"href":"https:\/\/www.sabine-seyffert.de\/blog\/wp-json\/wp\/v2\/pages\/42\/revisions"}],"predecessor-version":[{"id":46,"href":"https:\/\/www.sabine-seyffert.de\/blog\/wp-json\/wp\/v2\/pages\/42\/revisions\/46"}],"wp:attachment":[{"href":"https:\/\/www.sabine-seyffert.de\/blog\/wp-json\/wp\/v2\/media?parent=42"}],"curies":[{"name":"wp","href":"https:\/\/api.w.org\/{rel}","templated":true}]}}