{"id":32,"date":"2013-01-15T18:15:12","date_gmt":"2013-01-15T16:15:12","guid":{"rendered":"http:\/\/www.net-auftritt.de\/sabine-seyffert\/?page_id=32"},"modified":"2018-05-09T07:22:54","modified_gmt":"2018-05-09T05:22:54","slug":"impressum","status":"publish","type":"page","link":"https:\/\/www.sabine-seyffert.de\/blog\/impressum\/","title":{"rendered":"Impressum"},"content":{"rendered":"<p><img decoding=\"async\" src=\"https:\/\/www.sabine-seyffert.de\/impressum.jpg\"><\/p>\n<p><\/p>\n<h2><a name=\"urheberrecht\"><\/a> Urheberrecht<\/h2>\n<p>Alle auf diesem Blog ver\u00f6ffentlichten Inhalte (Layout, Texte, Geschichten, Bilder, Grafiken usw.) unterliegen dem <strong>Urheberrecht<\/strong> und d\u00fcrfen nicht ohne ausdr\u00fcckliche Genehmigung kopiert, vervielf\u00e4ltigt oder ver\u00f6ffentlicht werden. Ich bitte diesbez\u00fcglich um Verst\u00e4ndnis. Nat\u00fcrlich d\u00fcrfen alle Leser diese herzliche gerne ausprobieren und mit Kindern umsetzen. Viel Spa\u00df dabei!<\/p>\n","protected":false},"excerpt":{"rendered":"<p>Urheberrecht Alle auf diesem Blog ver\u00f6ffentlichten Inhalte (Layout, Texte, Geschichten, Bilder, Grafiken usw.) unterliegen dem Urheberrecht und d\u00fcrfen nicht ohne ausdr\u00fcckliche Genehmigung kopiert, vervielf\u00e4ltigt oder ver\u00f6ffentlicht werden. Ich bitte diesbez\u00fcglich um Verst\u00e4ndnis. Nat\u00fcrlich d\u00fcrfen alle Leser diese herzliche gerne ausprobieren und mit Kindern umsetzen. Viel Spa\u00df dabei!<\/p>\n","protected":false},"author":1,"featured_media":0,"parent":0,"menu_order":10,"comment_status":"open","ping_status":"open","template":"","meta":{"_metis_text_type":"standard","_metis_text_length":385,"_post_count":0,"footnotes":""},"class_list":["post-32","page","type-page","status-publish","hentry"],"_links":{"self":[{"href":"https:\/\/www.sabine-seyffert.de\/blog\/wp-json\/wp\/v2\/pages\/32","targetHints":{"allow":["GET"]}}],"collection":[{"href":"https:\/\/www.sabine-seyffert.de\/blog\/wp-json\/wp\/v2\/pages"}],"about":[{"href":"https:\/\/www.sabine-seyffert.de\/blog\/wp-json\/wp\/v2\/types\/page"}],"author":[{"embeddable":true,"href":"https:\/\/www.sabine-seyffert.de\/blog\/wp-json\/wp\/v2\/users\/1"}],"replies":[{"embeddable":true,"href":"https:\/\/www.sabine-seyffert.de\/blog\/wp-json\/wp\/v2\/comments?post=32"}],"version-history":[{"count":12,"href":"https:\/\/www.sabine-seyffert.de\/blog\/wp-json\/wp\/v2\/pages\/32\/revisions"}],"predecessor-version":[{"id":12468,"href":"https:\/\/www.sabine-seyffert.de\/blog\/wp-json\/wp\/v2\/pages\/32\/revisions\/12468"}],"wp:attachment":[{"href":"https:\/\/www.sabine-seyffert.de\/blog\/wp-json\/wp\/v2\/media?parent=32"}],"curies":[{"name":"wp","href":"https:\/\/api.w.org\/{rel}","templated":true}]}}